{"id":11,"date":"2025-07-30T00:11:06","date_gmt":"2025-07-30T00:11:06","guid":{"rendered":"https:\/\/www.thescanfoundation.org\/?page_id=11"},"modified":"2026-03-30T13:07:18","modified_gmt":"2026-03-30T20:07:18","slug":"home","status":"publish","type":"page","link":"http:\/\/www.thescanfoundation.org\/es\/","title":{"rendered":"Hogar"},"content":{"rendered":"","protected":false},"excerpt":{"rendered":"","protected":false},"author":2,"featured_media":0,"parent":0,"menu_order":0,"comment_status":"closed","ping_status":"closed","template":"","meta":{"_acf_changed":false,"_relevanssi_hide_post":"","_relevanssi_hide_content":"","_relevanssi_pin_for_all":"","_relevanssi_pin_keywords":"","_relevanssi_unpin_keywords":"","_relevanssi_related_keywords":"","_relevanssi_related_include_ids":"","_relevanssi_related_exclude_ids":"","_relevanssi_related_no_append":"","_relevanssi_related_not_related":"","_relevanssi_related_posts":"","_relevanssi_noindex_reason":""},"class_list":["post-11","page","type-page","status-publish","hentry"],"acf":{"page_layout":[{"acf_fc_layout":"layout_hero_home","_acfe_flexible_toggle":null,"component_hero_home":{"heading":"Aging Well at Home and in Community","description":"En la Fundaci\u00f3n SCAN, trabajamos para garantizar que todos los adultos mayores, especialmente las personas de color, las personas con bajos ingresos y los residentes rurales, envejezcan bien en casa y en su comunidad. Juntos, podemos construir un futuro donde cada adulto mayor envejezca con dignidad, prop\u00f3sito y el apoyo que necesita.","button":{"title":"See Our Priorities","url":"https:\/\/www.thescanfoundation.org\/our-priorities\/","target":""},"":null,"image_group_1":{"helper_accent_color":"red","images":[{"image":2630},{"image":2604},{"image":2608},{"image":2614}]},"image_group_2":{"helper_accent_color":"yellow","images":[{"image":2632},{"image":2541},{"image":2536},{"image":2616}]},"image_group_3":{"helper_accent_color":"blue","images":[{"image":2618},{"image":2600},{"image":2624},{"image":2558}]},"featured_post":[4691,4681,4637]}},{"acf_fc_layout":"layout_newsletter_subscribe_slim","_acfe_flexible_toggle":null,"component_newsletter_subscribe_slim":{"":null,"heading":"Stay Connected","form_type":"page_redirect","form":"1","sign_up_page":2984}},{"acf_fc_layout":"layout_video_feature","_acfe_flexible_toggle":null,"component_video_feature":{"":null,"heading":"We Listen Deeply and Lead Boldly","description":"Las pol\u00edticas, programas e inversiones en materia de salud y envejecimiento suelen estar fragmentados y dise\u00f1ados sin poner a las personas en el centro. <span class=\"TrackChangeTextInsertion TrackedChange SCXW97587648 BCX8\"><span class=\"TextRun SCXW97587648 BCX8\" lang=\"EN-US\" xml:lang=\"EN-US\" data-contrast=\"auto\"><span class=\"NormalTextRun SCXW97587648 BCX8\">En la Fundaci\u00f3n SCAN, nosotros<\/span><\/span><\/span><span class=\"TrackChangeTextInsertion TrackedChange SCXW97587648 BCX8\"><span class=\"TextRun SCXW97587648 BCX8\" lang=\"EN-US\" xml:lang=\"EN-US\" data-contrast=\"auto\"><span class=\"NormalTextRun SCXW97587648 BCX8\"> centro <\/span><\/span><\/span><span class=\"TrackChangeTextInsertion TrackedChange SCXW97587648 BCX8\"><span class=\"TextRun SCXW97587648 BCX8\" lang=\"EN-US\" xml:lang=\"EN-US\" data-contrast=\"auto\"><span class=\"NormalTextRun SCXW97587648 BCX8\">m\u00e1s viejo <\/span><span class=\"NormalTextRun ContextualSpellingAndGrammarErrorV2Themed SCXW97587648 BCX8\">adultos<\/span><\/span><\/span><span class=\"TrackChangeTextInsertion TrackedChange SCXW97587648 BCX8\"><span class=\"TextRun SCXW97587648 BCX8\" lang=\"EN-US\" xml:lang=\"EN-US\" data-contrast=\"auto\"><span class=\"NormalTextRun ContextualSpellingAndGrammarErrorV2Themed SCXW97587648 BCX8\">&#039;<\/span><span class=\"NormalTextRun SCXW97587648 BCX8\"> Experiencias vividas para guiar nuestros esfuerzos<\/span><\/span><\/span><span class=\"TrackChangeTextInsertion TrackedChange SCXW97587648 BCX8\"><span class=\"TextRun SCXW97587648 BCX8\" lang=\"EN-US\" xml:lang=\"EN-US\" data-contrast=\"auto\"><span class=\"NormalTextRun SCXW97587648 BCX8\">.\u00a0<\/span><\/span><\/span>","button_text":"","video_service":"upload","youtube_id":"B5VCdQhQ1zw","vimeo_id":"","ambient_video":2899}},{"acf_fc_layout":"layout_priorities_overview","_acfe_flexible_toggle":null,"component_priorities_overview":{"heading":"Our Priorities","description":"<span class=\"EOP TrackedChange SCXW97587648 BCX8\" data-ccp-props=\"{}\">Trabajamos en la intersecci\u00f3n de pol\u00edticas, desarrollo de programas, inversi\u00f3n de impacto y narraci\u00f3n de historias para <span class=\"TrackChangeTextInsertion TrackedChange SCXW97587648 BCX8\"><span class=\"TextRun SCXW97587648 BCX8\" lang=\"EN-US\" xml:lang=\"EN-US\" data-contrast=\"auto\"><span class=\"NormalTextRun SCXW97587648 BCX8\">Elevar soluciones que transformen el envejecimiento en California y a nivel nacional.<\/span><\/span><\/span><\/span>","strategic_priorities":[78,81,80,82]}},{"acf_fc_layout":"layout_impact_scroller","_acfe_flexible_toggle":null,"component_impact_scroller":{"heading":"","description":"","impact_stats":null}},{"acf_fc_layout":"layout_promo_contact","_acfe_flexible_toggle":null,"component_promo_contact":{"":null,"description":"Mant\u00e9ngase conectado para explorar c\u00f3mo podemos trabajar juntos para impulsar un cambio duradero para los adultos mayores.","heading":"Get the Latest","button":{"title":"Receive Updates","url":"https:\/\/www.thescanfoundation.org\/stay-connected\/","target":"_blank"}}}]},"yoast_head":"<!-- This site is optimized with the Yoast SEO plugin v27.0 - https:\/\/yoast.com\/product\/yoast-seo-wordpress\/ -->\n<title>Home - The SCAN Foundation<\/title>\n<meta name=\"description\" content=\"Transforming the experience of aging. The SCAN Foundation ignites bold and equitable changes to ensure all older adults age well with purpose.\" \/>\n<meta name=\"robots\" content=\"index, follow, max-snippet:-1, max-image-preview:large, max-video-preview:-1\" \/>\n<link rel=\"canonical\" href=\"https:\/\/www.thescanfoundation.org\/es\/\" \/>\n<meta property=\"og:locale\" content=\"es_MX\" \/>\n<meta property=\"og:type\" content=\"article\" \/>\n<meta property=\"og:title\" content=\"Home - The SCAN Foundation\" \/>\n<meta property=\"og:description\" content=\"Transforming the experience of aging. The SCAN Foundation ignites bold and equitable changes to ensure all older adults age well with purpose.\" \/>\n<meta property=\"og:url\" content=\"https:\/\/www.thescanfoundation.org\/es\/\" \/>\n<meta property=\"og:site_name\" content=\"The SCAN Foundation\" \/>\n<meta property=\"article:modified_time\" content=\"2026-03-30T20:07:18+00:00\" \/>\n<meta property=\"og:image\" content=\"https:\/\/www.thescanfoundation.org\/wp-content\/uploads\/2025\/09\/tsf-logo.png\" \/>\n\t<meta property=\"og:image:width\" content=\"696\" \/>\n\t<meta property=\"og:image:height\" content=\"696\" \/>\n\t<meta property=\"og:image:type\" content=\"image\/png\" \/>\n<meta name=\"twitter:card\" content=\"summary_large_image\" \/>\n<meta name=\"twitter:site\" content=\"@TheSCANFndtn\" \/>\n<script type=\"application\/ld+json\" class=\"yoast-schema-graph\">{\"@context\":\"https:\/\/schema.org\",\"@graph\":[{\"@type\":\"WebPage\",\"@id\":\"https:\/\/www.thescanfoundation.org\/\",\"url\":\"https:\/\/www.thescanfoundation.org\/\",\"name\":\"Home - The SCAN Foundation\",\"isPartOf\":{\"@id\":\"https:\/\/www.thescanfoundation.org\/#website\"},\"datePublished\":\"2025-07-30T00:11:06+00:00\",\"dateModified\":\"2026-03-30T20:07:18+00:00\",\"description\":\"Transforming the experience of aging. The SCAN Foundation ignites bold and equitable changes to ensure all older adults age well with purpose.\",\"breadcrumb\":{\"@id\":\"https:\/\/www.thescanfoundation.org\/#breadcrumb\"},\"inLanguage\":\"es-MX\",\"potentialAction\":[{\"@type\":\"ReadAction\",\"target\":[\"https:\/\/www.thescanfoundation.org\/\"]}]},{\"@type\":\"BreadcrumbList\",\"@id\":\"https:\/\/www.thescanfoundation.org\/#breadcrumb\",\"itemListElement\":[{\"@type\":\"ListItem\",\"position\":1,\"name\":\"Home\",\"item\":\"https:\/\/www.thescanfoundation.org\/\"},{\"@type\":\"ListItem\",\"position\":2,\"name\":\"Home\"}]},{\"@type\":\"WebSite\",\"@id\":\"https:\/\/www.thescanfoundation.org\/#website\",\"url\":\"https:\/\/www.thescanfoundation.org\/\",\"name\":\"The SCAN Foundation\",\"description\":\"\",\"publisher\":{\"@id\":\"https:\/\/www.thescanfoundation.org\/#organization\"},\"potentialAction\":[{\"@type\":\"SearchAction\",\"target\":{\"@type\":\"EntryPoint\",\"urlTemplate\":\"https:\/\/www.thescanfoundation.org\/?s={search_term_string}\"},\"query-input\":{\"@type\":\"PropertyValueSpecification\",\"valueRequired\":true,\"valueName\":\"search_term_string\"}}],\"inLanguage\":\"es-MX\"},{\"@type\":\"Organization\",\"@id\":\"https:\/\/www.thescanfoundation.org\/#organization\",\"name\":\"The SCAN Foundation\",\"url\":\"https:\/\/www.thescanfoundation.org\/\",\"logo\":{\"@type\":\"ImageObject\",\"inLanguage\":\"es-MX\",\"@id\":\"https:\/\/www.thescanfoundation.org\/#\/schema\/logo\/image\/\",\"url\":\"https:\/\/www.thescanfoundation.org\/wp-content\/uploads\/2025\/09\/tsf-logo.png\",\"contentUrl\":\"https:\/\/www.thescanfoundation.org\/wp-content\/uploads\/2025\/09\/tsf-logo.png\",\"width\":696,\"height\":696,\"caption\":\"The SCAN Foundation\"},\"image\":{\"@id\":\"https:\/\/www.thescanfoundation.org\/#\/schema\/logo\/image\/\"},\"sameAs\":[\"https:\/\/x.com\/TheSCANFndtn\",\"https:\/\/www.linkedin.com\/company\/the-scan-foundation\"]}]}<\/script>\n<!-- \/ Yoast SEO plugin. -->","yoast_head_json":{"title":"Inicio - La Fundaci\u00f3n SCAN","description":"Transformando la experiencia de envejecer. La Fundaci\u00f3n SCAN promueve la equidad en salud y la innovaci\u00f3n para que los adultos mayores envejezcan con dignidad.","robots":{"index":"index","follow":"follow","max-snippet":"max-snippet:-1","max-image-preview":"max-image-preview:large","max-video-preview":"max-video-preview:-1"},"canonical":"https:\/\/www.thescanfoundation.org\/es\/","og_locale":"es_MX","og_type":"article","og_title":"Home - The SCAN Foundation","og_description":"Transforming the experience of aging. The SCAN Foundation ignites bold and equitable changes to ensure all older adults age well with purpose.","og_url":"https:\/\/www.thescanfoundation.org\/es\/","og_site_name":"The SCAN Foundation","article_modified_time":"2026-03-30T20:07:18+00:00","og_image":[{"width":696,"height":696,"url":"https:\/\/www.thescanfoundation.org\/wp-content\/uploads\/2025\/09\/tsf-logo.png","type":"image\/png"}],"twitter_card":"summary_large_image","twitter_site":"@TheSCANFndtn","schema":{"@context":"https:\/\/schema.org","@graph":[{"@type":"WebPage","@id":"https:\/\/www.thescanfoundation.org\/","url":"https:\/\/www.thescanfoundation.org\/","name":"Inicio - La Fundaci\u00f3n SCAN","isPartOf":{"@id":"https:\/\/www.thescanfoundation.org\/#website"},"datePublished":"2025-07-30T00:11:06+00:00","dateModified":"2026-03-30T20:07:18+00:00","description":"Transformando la experiencia de envejecer. La Fundaci\u00f3n SCAN promueve la equidad en salud y la innovaci\u00f3n para que los adultos mayores envejezcan con dignidad.","breadcrumb":{"@id":"https:\/\/www.thescanfoundation.org\/#breadcrumb"},"inLanguage":"es-MX","potentialAction":[{"@type":"ReadAction","target":["https:\/\/www.thescanfoundation.org\/"]}]},{"@type":"BreadcrumbList","@id":"https:\/\/www.thescanfoundation.org\/#breadcrumb","itemListElement":[{"@type":"ListItem","position":1,"name":"Home","item":"https:\/\/www.thescanfoundation.org\/"},{"@type":"ListItem","position":2,"name":"Home"}]},{"@type":"WebSite","@id":"https:\/\/www.thescanfoundation.org\/#website","url":"https:\/\/www.thescanfoundation.org\/","name":"La Fundaci\u00f3n SCAN","description":"","publisher":{"@id":"https:\/\/www.thescanfoundation.org\/#organization"},"potentialAction":[{"@type":"SearchAction","target":{"@type":"EntryPoint","urlTemplate":"https:\/\/www.thescanfoundation.org\/?s={search_term_string}"},"query-input":{"@type":"PropertyValueSpecification","valueRequired":true,"valueName":"search_term_string"}}],"inLanguage":"es-MX"},{"@type":"Organization","@id":"https:\/\/www.thescanfoundation.org\/#organization","name":"La Fundaci\u00f3n SCAN","url":"https:\/\/www.thescanfoundation.org\/","logo":{"@type":"ImageObject","inLanguage":"es-MX","@id":"https:\/\/www.thescanfoundation.org\/#\/schema\/logo\/image\/","url":"https:\/\/www.thescanfoundation.org\/wp-content\/uploads\/2025\/09\/tsf-logo.png","contentUrl":"https:\/\/www.thescanfoundation.org\/wp-content\/uploads\/2025\/09\/tsf-logo.png","width":696,"height":696,"caption":"The SCAN Foundation"},"image":{"@id":"https:\/\/www.thescanfoundation.org\/#\/schema\/logo\/image\/"},"sameAs":["https:\/\/x.com\/TheSCANFndtn","https:\/\/www.linkedin.com\/company\/the-scan-foundation"]}]}},"_links":{"self":[{"href":"http:\/\/www.thescanfoundation.org\/es\/wp-json\/wp\/v2\/pages\/11","targetHints":{"allow":["GET"]}}],"collection":[{"href":"http:\/\/www.thescanfoundation.org\/es\/wp-json\/wp\/v2\/pages"}],"about":[{"href":"http:\/\/www.thescanfoundation.org\/es\/wp-json\/wp\/v2\/types\/page"}],"author":[{"embeddable":true,"href":"http:\/\/www.thescanfoundation.org\/es\/wp-json\/wp\/v2\/users\/2"}],"replies":[{"embeddable":true,"href":"http:\/\/www.thescanfoundation.org\/es\/wp-json\/wp\/v2\/comments?post=11"}],"version-history":[{"count":3,"href":"http:\/\/www.thescanfoundation.org\/es\/wp-json\/wp\/v2\/pages\/11\/revisions"}],"predecessor-version":[{"id":4699,"href":"http:\/\/www.thescanfoundation.org\/es\/wp-json\/wp\/v2\/pages\/11\/revisions\/4699"}],"wp:attachment":[{"href":"http:\/\/www.thescanfoundation.org\/es\/wp-json\/wp\/v2\/media?parent=11"}],"curies":[{"name":"wp","href":"https:\/\/api.w.org\/{rel}","templated":true}]}}