{"id":12,"date":"2025-07-30T00:11:49","date_gmt":"2025-07-30T00:11:49","guid":{"rendered":"https:\/\/www.thescanfoundation.org\/?page_id=12"},"modified":"2025-10-01T15:59:46","modified_gmt":"2025-10-01T22:59:46","slug":"sobre-nosotros","status":"publish","type":"page","link":"https:\/\/www.thescanfoundation.org\/es\/about-us\/","title":{"rendered":"Sobre nosotros"},"content":{"rendered":"","protected":false},"excerpt":{"rendered":"","protected":false},"author":2,"featured_media":0,"parent":0,"menu_order":0,"comment_status":"closed","ping_status":"closed","template":"","meta":{"_acf_changed":false,"_relevanssi_hide_post":"","_relevanssi_hide_content":"","_relevanssi_pin_for_all":"","_relevanssi_pin_keywords":"","_relevanssi_unpin_keywords":"","_relevanssi_related_keywords":"","_relevanssi_related_include_ids":"","_relevanssi_related_exclude_ids":"","_relevanssi_related_no_append":"","_relevanssi_related_not_related":"","_relevanssi_related_posts":"","_relevanssi_noindex_reason":""},"class_list":["post-12","page","type-page","status-publish","hentry"],"acf":{"page_layout":[{"acf_fc_layout":"layout_hero_byo","_acfe_flexible_toggle":"","component_hero_byo":{"helper_accent_color":"yellow","":null,"heading":"","description":"<span style=\"font-weight: 400;\">La Fundaci\u00f3n SCAN integra la concesi\u00f3n de subvenciones pol\u00edticas y program\u00e1ticas con la inversi\u00f3n de impacto alineada con su misi\u00f3n para impulsar soluciones a corto plazo y cambios sist\u00e9micos a largo plazo. Mediante este enfoque, trabajamos intersectoriales para abordar las barreras estructurales y construir sistemas m\u00e1s equitativos para el envejecimiento.<\/span>","button":"","image":2569}},{"acf_fc_layout":"layout_wysiwyg","_acfe_flexible_toggle":"","component_wysiwyg":{"content":"<h2>Quienes somos<\/h2>\r\nLa Fundaci\u00f3n SCAN ha sido durante mucho tiempo un catalizador para el avance de soluciones comunitarias para adultos mayores. Fundada en 2008, somos una organizaci\u00f3n filantr\u00f3pica nacional con profundas ra\u00edces en California. Desde la defensa del Plan Maestro para el Envejecimiento, pionero en el pa\u00eds, hasta el impulso de cambios en pol\u00edticas y sistemas, California ha sido nuestra plataforma para demostrar soluciones escalables en pol\u00edticas de envejecimiento. Hoy, adem\u00e1s de nuestro trabajo en California, estamos llevando esos conocimientos e innovaciones al escenario nacional, colaborando con l\u00edderes estatales y federales para garantizar que las pol\u00edticas, los programas y los sistemas reflejen las necesidades de los adultos mayores para envejecer bien en casa y en sus comunidades. \u00bfQuiere saber qui\u00e9nes est\u00e1n detr\u00e1s de nuestro trabajo? Conozca a nuestros <a href=\"https:\/\/www.thescanfoundation.org\/es\/junta\/\">junta <\/a>y nuestro <a href=\"https:\/\/www.thescanfoundation.org\/es\/personal\/\">personal<\/a>.","":null,"helper_width":"narrow"}},{"acf_fc_layout":"layout_accordion","_acfe_flexible_toggle":"","component_accordion":{"heading":"","items":[{"title":"","open":false,"html":""},{"title":"Our Mission","open":false,"html":"We ignite bold and equitable changes in how older adults age, both in their homes and communities."},{"title":"Our Vision","open":false,"html":"We envision a society where everyone can age well with purpose."},{"title":"Our Values","open":false,"html":"<ul>\r\n \t<li style=\"text-align: left;\">Equity and Inclusion<\/li>\r\n \t<li style=\"text-align: left;\">Empathy and Humility<\/li>\r\n \t<li style=\"text-align: left;\">Leadership and Innovation<\/li>\r\n<\/ul>\r\nThese values guide not just what we do, but how we do it."}]}},{"acf_fc_layout":"layout_wysiwyg","_acfe_flexible_toggle":"","component_wysiwyg":{"content":"","":null,"helper_width":"narrow"}},{"acf_fc_layout":"layout_wysiwyg","_acfe_flexible_toggle":"","component_wysiwyg":{"content":"<h2>How We Work<\/h2>\r\n<span style=\"font-weight: 400;\"><span data-olk-copy-source=\"MessageBody\">Our grants and impact investments prioritize communities that have been historically marginalized with an emphasis on o<\/span>lder adults of color, those with lower- and middle-incomes, and rural and geographically underserved communities. By lifting the lived experiences of these older adults, we ensure their voices shape the policies, programs, and investments that affect their lives.<\/span>\r\n\r\n&nbsp;\r\n\r\n<b>Grantmaking:<\/b><span style=\"font-weight: 400;\"> We fund research, elevate lived experience, build coalitions, and advance policies rooted in the real needs of older adults.<\/span>\r\n\r\n<span style=\"font-weight: 400;\">[tm_button url=\"https:\/\/www.thescanfoundation.org\/grantmaking\/\" label=\"Explore Our Grantmaking\" target=\"false\"]\u00a0<\/span>\r\n\r\n&nbsp;\r\n\r\n<b>Impact Investing:<\/b><span style=\"font-weight: 400;\"> We invest catalytic capital to scale innovations that support healthy, independent aging\u2014especially for those overlooked by traditional markets and public systems.<\/span><span style=\"font-weight: 400;\">\r\n<\/span>\r\n\r\n[tm_button url=\"https:\/\/www.thescanfoundation.org\/impact-investing\/\" label=\"Explore Our Impact Investing\" target=\"false\"]\r\n\r\n&nbsp;\r\n\r\n&nbsp;","":null,"helper_width":"narrow"}},{"acf_fc_layout":"layout_accordion","_acfe_flexible_toggle":"","component_accordion":{"heading":"Annual Reports","items":[{"title":"2023 Annual Report","open":false,"html":"<a href=\"https:\/\/www.thescanfoundation.org\/wp-content\/uploads\/2025\/10\/2023-Annual-Report-The-SCAN-Foundation.pdf\">View Report<\/a>"}]}}]},"yoast_head":"<!-- This site is optimized with the Yoast SEO plugin v27.0 - https:\/\/yoast.com\/product\/yoast-seo-wordpress\/ -->\n<title>About Us - The SCAN Foundation<\/title>\n<meta name=\"description\" content=\"Learn about The SCAN Foundation&#039;s mission to ignite bold and equitable changes in aging. Meet our leadership and discover our vision for aging well with purpose.\" \/>\n<meta name=\"robots\" content=\"index, follow, max-snippet:-1, max-image-preview:large, max-video-preview:-1\" \/>\n<link rel=\"canonical\" href=\"https:\/\/www.thescanfoundation.org\/es\/sobre-nosotros\/\" \/>\n<meta property=\"og:locale\" content=\"es_MX\" \/>\n<meta property=\"og:type\" content=\"article\" \/>\n<meta property=\"og:title\" content=\"About Us - The SCAN Foundation\" \/>\n<meta property=\"og:description\" content=\"Learn about The SCAN Foundation&#039;s mission to ignite bold and equitable changes in aging. Meet our leadership and discover our vision for aging well with purpose.\" \/>\n<meta property=\"og:url\" content=\"https:\/\/www.thescanfoundation.org\/es\/sobre-nosotros\/\" \/>\n<meta property=\"og:site_name\" content=\"The SCAN Foundation\" \/>\n<meta property=\"article:modified_time\" content=\"2025-10-01T22:59:46+00:00\" \/>\n<meta property=\"og:image\" content=\"https:\/\/www.thescanfoundation.org\/wp-content\/uploads\/2025\/09\/tsf-logo.png\" \/>\n\t<meta property=\"og:image:width\" content=\"696\" \/>\n\t<meta property=\"og:image:height\" content=\"696\" \/>\n\t<meta property=\"og:image:type\" content=\"image\/png\" \/>\n<meta name=\"twitter:card\" content=\"summary_large_image\" \/>\n<meta name=\"twitter:site\" content=\"@TheSCANFndtn\" \/>\n<script type=\"application\/ld+json\" class=\"yoast-schema-graph\">{\"@context\":\"https:\/\/schema.org\",\"@graph\":[{\"@type\":\"WebPage\",\"@id\":\"https:\/\/www.thescanfoundation.org\/about-us\/\",\"url\":\"https:\/\/www.thescanfoundation.org\/about-us\/\",\"name\":\"About Us - The SCAN Foundation\",\"isPartOf\":{\"@id\":\"https:\/\/www.thescanfoundation.org\/#website\"},\"datePublished\":\"2025-07-30T00:11:49+00:00\",\"dateModified\":\"2025-10-01T22:59:46+00:00\",\"description\":\"Learn about The SCAN Foundation's mission to ignite bold and equitable changes in aging. Meet our leadership and discover our vision for aging well with purpose.\",\"breadcrumb\":{\"@id\":\"https:\/\/www.thescanfoundation.org\/about-us\/#breadcrumb\"},\"inLanguage\":\"es-MX\",\"potentialAction\":[{\"@type\":\"ReadAction\",\"target\":[\"https:\/\/www.thescanfoundation.org\/about-us\/\"]}]},{\"@type\":\"BreadcrumbList\",\"@id\":\"https:\/\/www.thescanfoundation.org\/about-us\/#breadcrumb\",\"itemListElement\":[{\"@type\":\"ListItem\",\"position\":1,\"name\":\"Home\",\"item\":\"https:\/\/www.thescanfoundation.org\/\"},{\"@type\":\"ListItem\",\"position\":2,\"name\":\"About Us\"}]},{\"@type\":\"WebSite\",\"@id\":\"https:\/\/www.thescanfoundation.org\/#website\",\"url\":\"https:\/\/www.thescanfoundation.org\/\",\"name\":\"The SCAN Foundation\",\"description\":\"\",\"publisher\":{\"@id\":\"https:\/\/www.thescanfoundation.org\/#organization\"},\"potentialAction\":[{\"@type\":\"SearchAction\",\"target\":{\"@type\":\"EntryPoint\",\"urlTemplate\":\"https:\/\/www.thescanfoundation.org\/?s={search_term_string}\"},\"query-input\":{\"@type\":\"PropertyValueSpecification\",\"valueRequired\":true,\"valueName\":\"search_term_string\"}}],\"inLanguage\":\"es-MX\"},{\"@type\":\"Organization\",\"@id\":\"https:\/\/www.thescanfoundation.org\/#organization\",\"name\":\"The SCAN Foundation\",\"url\":\"https:\/\/www.thescanfoundation.org\/\",\"logo\":{\"@type\":\"ImageObject\",\"inLanguage\":\"es-MX\",\"@id\":\"https:\/\/www.thescanfoundation.org\/#\/schema\/logo\/image\/\",\"url\":\"https:\/\/www.thescanfoundation.org\/wp-content\/uploads\/2025\/09\/tsf-logo.png\",\"contentUrl\":\"https:\/\/www.thescanfoundation.org\/wp-content\/uploads\/2025\/09\/tsf-logo.png\",\"width\":696,\"height\":696,\"caption\":\"The SCAN Foundation\"},\"image\":{\"@id\":\"https:\/\/www.thescanfoundation.org\/#\/schema\/logo\/image\/\"},\"sameAs\":[\"https:\/\/x.com\/TheSCANFndtn\",\"https:\/\/www.linkedin.com\/company\/the-scan-foundation\"]}]}<\/script>\n<!-- \/ Yoast SEO plugin. -->","yoast_head_json":{"title":"Sobre nosotros - La Fundaci\u00f3n SCAN","description":"Conozca nuestra misi\u00f3n en la Fundaci\u00f3n SCAN. Descubra c\u00f3mo trabajamos para transformar el cuidado y la independencia de los adultos mayores con equidad.","robots":{"index":"index","follow":"follow","max-snippet":"max-snippet:-1","max-image-preview":"max-image-preview:large","max-video-preview":"max-video-preview:-1"},"canonical":"https:\/\/www.thescanfoundation.org\/es\/sobre-nosotros\/","og_locale":"es_MX","og_type":"article","og_title":"About Us - The SCAN Foundation","og_description":"Learn about The SCAN Foundation's mission to ignite bold and equitable changes in aging. Meet our leadership and discover our vision for aging well with purpose.","og_url":"https:\/\/www.thescanfoundation.org\/es\/sobre-nosotros\/","og_site_name":"The SCAN Foundation","article_modified_time":"2025-10-01T22:59:46+00:00","og_image":[{"width":696,"height":696,"url":"https:\/\/www.thescanfoundation.org\/wp-content\/uploads\/2025\/09\/tsf-logo.png","type":"image\/png"}],"twitter_card":"summary_large_image","twitter_site":"@TheSCANFndtn","schema":{"@context":"https:\/\/schema.org","@graph":[{"@type":"WebPage","@id":"https:\/\/www.thescanfoundation.org\/about-us\/","url":"https:\/\/www.thescanfoundation.org\/about-us\/","name":"Sobre nosotros - La Fundaci\u00f3n SCAN","isPartOf":{"@id":"https:\/\/www.thescanfoundation.org\/#website"},"datePublished":"2025-07-30T00:11:49+00:00","dateModified":"2025-10-01T22:59:46+00:00","description":"Conozca nuestra misi\u00f3n en la Fundaci\u00f3n SCAN. Descubra c\u00f3mo trabajamos para transformar el cuidado y la independencia de los adultos mayores con equidad.","breadcrumb":{"@id":"https:\/\/www.thescanfoundation.org\/about-us\/#breadcrumb"},"inLanguage":"es-MX","potentialAction":[{"@type":"ReadAction","target":["https:\/\/www.thescanfoundation.org\/about-us\/"]}]},{"@type":"BreadcrumbList","@id":"https:\/\/www.thescanfoundation.org\/about-us\/#breadcrumb","itemListElement":[{"@type":"ListItem","position":1,"name":"Home","item":"https:\/\/www.thescanfoundation.org\/"},{"@type":"ListItem","position":2,"name":"About Us"}]},{"@type":"WebSite","@id":"https:\/\/www.thescanfoundation.org\/#website","url":"https:\/\/www.thescanfoundation.org\/","name":"La Fundaci\u00f3n SCAN","description":"","publisher":{"@id":"https:\/\/www.thescanfoundation.org\/#organization"},"potentialAction":[{"@type":"SearchAction","target":{"@type":"EntryPoint","urlTemplate":"https:\/\/www.thescanfoundation.org\/?s={search_term_string}"},"query-input":{"@type":"PropertyValueSpecification","valueRequired":true,"valueName":"search_term_string"}}],"inLanguage":"es-MX"},{"@type":"Organization","@id":"https:\/\/www.thescanfoundation.org\/#organization","name":"La Fundaci\u00f3n SCAN","url":"https:\/\/www.thescanfoundation.org\/","logo":{"@type":"ImageObject","inLanguage":"es-MX","@id":"https:\/\/www.thescanfoundation.org\/#\/schema\/logo\/image\/","url":"https:\/\/www.thescanfoundation.org\/wp-content\/uploads\/2025\/09\/tsf-logo.png","contentUrl":"https:\/\/www.thescanfoundation.org\/wp-content\/uploads\/2025\/09\/tsf-logo.png","width":696,"height":696,"caption":"The SCAN Foundation"},"image":{"@id":"https:\/\/www.thescanfoundation.org\/#\/schema\/logo\/image\/"},"sameAs":["https:\/\/x.com\/TheSCANFndtn","https:\/\/www.linkedin.com\/company\/the-scan-foundation"]}]}},"_links":{"self":[{"href":"https:\/\/www.thescanfoundation.org\/es\/wp-json\/wp\/v2\/pages\/12","targetHints":{"allow":["GET"]}}],"collection":[{"href":"https:\/\/www.thescanfoundation.org\/es\/wp-json\/wp\/v2\/pages"}],"about":[{"href":"https:\/\/www.thescanfoundation.org\/es\/wp-json\/wp\/v2\/types\/page"}],"author":[{"embeddable":true,"href":"https:\/\/www.thescanfoundation.org\/es\/wp-json\/wp\/v2\/users\/2"}],"replies":[{"embeddable":true,"href":"https:\/\/www.thescanfoundation.org\/es\/wp-json\/wp\/v2\/comments?post=12"}],"version-history":[{"count":0,"href":"https:\/\/www.thescanfoundation.org\/es\/wp-json\/wp\/v2\/pages\/12\/revisions"}],"wp:attachment":[{"href":"https:\/\/www.thescanfoundation.org\/es\/wp-json\/wp\/v2\/media?parent=12"}],"curies":[{"name":"wp","href":"https:\/\/api.w.org\/{rel}","templated":true}]}}