{"id":22,"date":"2025-07-30T00:15:16","date_gmt":"2025-07-30T00:15:16","guid":{"rendered":"https:\/\/www.thescanfoundation.org\/?page_id=22"},"modified":"2025-09-09T06:43:06","modified_gmt":"2025-09-09T13:43:06","slug":"nuestras-prioridades","status":"publish","type":"page","link":"https:\/\/www.thescanfoundation.org\/es\/our-priorities\/","title":{"rendered":"Nuestras prioridades"},"content":{"rendered":"","protected":false},"excerpt":{"rendered":"","protected":false},"author":2,"featured_media":0,"parent":0,"menu_order":0,"comment_status":"closed","ping_status":"closed","template":"","meta":{"_acf_changed":false,"_relevanssi_hide_post":"","_relevanssi_hide_content":"","_relevanssi_pin_for_all":"","_relevanssi_pin_keywords":"","_relevanssi_unpin_keywords":"","_relevanssi_related_keywords":"","_relevanssi_related_include_ids":"","_relevanssi_related_exclude_ids":"","_relevanssi_related_no_append":"","_relevanssi_related_not_related":"","_relevanssi_related_posts":"","_relevanssi_noindex_reason":""},"class_list":["post-22","page","type-page","status-publish","hentry"],"acf":{"page_layout":[{"acf_fc_layout":"layout_hero_byo","_acfe_flexible_toggle":"","component_hero_byo":{"helper_accent_color":"green","":null,"heading":"","description":"<span class=\"TrackChangeTextInsertion TrackedChange SCXW195661949 BCX8\"><span class=\"TextRun SCXW195661949 BCX8\" lang=\"EN-US\" xml:lang=\"EN-US\" data-contrast=\"auto\"><span class=\"NormalTextRun SCXW195661949 BCX8\">La Fundaci\u00f3n SCAN impulsa el cambio donde m\u00e1s importa para los adultos mayores. Nuestras prioridades se centran en transformar los sistemas que configuran el envejecimiento, haci\u00e9ndolos m\u00e1s... <\/span><span class=\"NormalTextRun SCXW195661949 BCX8\">equitativo<\/span><span class=\"NormalTextRun SCXW195661949 BCX8\">, coordinado y receptivo a las necesidades del mundo real.<\/span><\/span><\/span><span class=\"TrackChangeTextInsertion TrackedChange SCXW195661949 BCX8\"><span class=\"TextRun SCXW195661949 BCX8\" lang=\"EN-US\" xml:lang=\"EN-US\" data-contrast=\"auto\"><span class=\"NormalTextRun SCXW195661949 BCX8\">\u00a0<\/span><\/span><\/span>","button":null,"image":2636}},{"acf_fc_layout":"layout_priorities_overview","_acfe_flexible_toggle":"","component_priorities_overview":{"heading":"","description":"","strategic_priorities":[78,81,80,82]}},{"acf_fc_layout":"layout_link_list","_acfe_flexible_toggle":"","component_link_list":{"heading":"","links":[{"link":""},{"link":""},{"link":""},{"link":""},{"link":""},{"link":""},{"link":""}]}}]},"yoast_head":"<!-- This site is optimized with the Yoast SEO plugin v27.0 - https:\/\/yoast.com\/product\/yoast-seo-wordpress\/ -->\n<title>Our Priorities - The SCAN Foundation<\/title>\n<meta name=\"description\" content=\"Review our strategic priorities: long-term care, Medicare-Medicaid integration, Medicare health and social supports, and multisector plans for aging. We drive systems change for older adults.\" \/>\n<meta name=\"robots\" content=\"index, follow, max-snippet:-1, max-image-preview:large, max-video-preview:-1\" \/>\n<link rel=\"canonical\" href=\"https:\/\/www.thescanfoundation.org\/es\/nuestras-prioridades\/\" \/>\n<meta property=\"og:locale\" content=\"es_MX\" \/>\n<meta property=\"og:type\" content=\"article\" \/>\n<meta property=\"og:title\" content=\"Our Priorities - The SCAN Foundation\" \/>\n<meta property=\"og:description\" content=\"Review our strategic priorities: long-term care, Medicare-Medicaid integration, Medicare health and social supports, and multisector plans for aging. We drive systems change for older adults.\" \/>\n<meta property=\"og:url\" content=\"https:\/\/www.thescanfoundation.org\/es\/nuestras-prioridades\/\" \/>\n<meta property=\"og:site_name\" content=\"The SCAN Foundation\" \/>\n<meta property=\"article:modified_time\" content=\"2025-09-09T13:43:06+00:00\" \/>\n<meta property=\"og:image\" content=\"https:\/\/www.thescanfoundation.org\/wp-content\/uploads\/2025\/09\/tsf-logo.png\" \/>\n\t<meta property=\"og:image:width\" content=\"696\" \/>\n\t<meta property=\"og:image:height\" content=\"696\" \/>\n\t<meta property=\"og:image:type\" content=\"image\/png\" \/>\n<meta name=\"twitter:card\" content=\"summary_large_image\" \/>\n<meta name=\"twitter:site\" content=\"@TheSCANFndtn\" \/>\n<script type=\"application\/ld+json\" class=\"yoast-schema-graph\">{\"@context\":\"https:\/\/schema.org\",\"@graph\":[{\"@type\":\"WebPage\",\"@id\":\"https:\/\/www.thescanfoundation.org\/our-priorities\/\",\"url\":\"https:\/\/www.thescanfoundation.org\/our-priorities\/\",\"name\":\"Our Priorities - The SCAN Foundation\",\"isPartOf\":{\"@id\":\"https:\/\/www.thescanfoundation.org\/#website\"},\"datePublished\":\"2025-07-30T00:15:16+00:00\",\"dateModified\":\"2025-09-09T13:43:06+00:00\",\"description\":\"Review our strategic priorities: long-term care, Medicare-Medicaid integration, Medicare health and social supports, and multisector plans for aging. We drive systems change for older adults.\",\"breadcrumb\":{\"@id\":\"https:\/\/www.thescanfoundation.org\/our-priorities\/#breadcrumb\"},\"inLanguage\":\"es-MX\",\"potentialAction\":[{\"@type\":\"ReadAction\",\"target\":[\"https:\/\/www.thescanfoundation.org\/our-priorities\/\"]}]},{\"@type\":\"BreadcrumbList\",\"@id\":\"https:\/\/www.thescanfoundation.org\/our-priorities\/#breadcrumb\",\"itemListElement\":[{\"@type\":\"ListItem\",\"position\":1,\"name\":\"Home\",\"item\":\"https:\/\/www.thescanfoundation.org\/\"},{\"@type\":\"ListItem\",\"position\":2,\"name\":\"Our Priorities\"}]},{\"@type\":\"WebSite\",\"@id\":\"https:\/\/www.thescanfoundation.org\/#website\",\"url\":\"https:\/\/www.thescanfoundation.org\/\",\"name\":\"The SCAN Foundation\",\"description\":\"\",\"publisher\":{\"@id\":\"https:\/\/www.thescanfoundation.org\/#organization\"},\"potentialAction\":[{\"@type\":\"SearchAction\",\"target\":{\"@type\":\"EntryPoint\",\"urlTemplate\":\"https:\/\/www.thescanfoundation.org\/?s={search_term_string}\"},\"query-input\":{\"@type\":\"PropertyValueSpecification\",\"valueRequired\":true,\"valueName\":\"search_term_string\"}}],\"inLanguage\":\"es-MX\"},{\"@type\":\"Organization\",\"@id\":\"https:\/\/www.thescanfoundation.org\/#organization\",\"name\":\"The SCAN Foundation\",\"url\":\"https:\/\/www.thescanfoundation.org\/\",\"logo\":{\"@type\":\"ImageObject\",\"inLanguage\":\"es-MX\",\"@id\":\"https:\/\/www.thescanfoundation.org\/#\/schema\/logo\/image\/\",\"url\":\"https:\/\/www.thescanfoundation.org\/wp-content\/uploads\/2025\/09\/tsf-logo.png\",\"contentUrl\":\"https:\/\/www.thescanfoundation.org\/wp-content\/uploads\/2025\/09\/tsf-logo.png\",\"width\":696,\"height\":696,\"caption\":\"The SCAN Foundation\"},\"image\":{\"@id\":\"https:\/\/www.thescanfoundation.org\/#\/schema\/logo\/image\/\"},\"sameAs\":[\"https:\/\/x.com\/TheSCANFndtn\",\"https:\/\/www.linkedin.com\/company\/the-scan-foundation\"]}]}<\/script>\n<!-- \/ Yoast SEO plugin. -->","yoast_head_json":{"title":"Nuestras prioridades - La Fundaci\u00f3n SCAN","description":"Nuestras Prioridades: Equidad en Salud, Plan Maestro de Envejecimiento, Inversi\u00f3n de Impacto y Seguridad Econ\u00f3mica para los adultos mayores.","robots":{"index":"index","follow":"follow","max-snippet":"max-snippet:-1","max-image-preview":"max-image-preview:large","max-video-preview":"max-video-preview:-1"},"canonical":"https:\/\/www.thescanfoundation.org\/es\/nuestras-prioridades\/","og_locale":"es_MX","og_type":"article","og_title":"Our Priorities - The SCAN Foundation","og_description":"Review our strategic priorities: long-term care, Medicare-Medicaid integration, Medicare health and social supports, and multisector plans for aging. We drive systems change for older adults.","og_url":"https:\/\/www.thescanfoundation.org\/es\/nuestras-prioridades\/","og_site_name":"The SCAN Foundation","article_modified_time":"2025-09-09T13:43:06+00:00","og_image":[{"width":696,"height":696,"url":"https:\/\/www.thescanfoundation.org\/wp-content\/uploads\/2025\/09\/tsf-logo.png","type":"image\/png"}],"twitter_card":"summary_large_image","twitter_site":"@TheSCANFndtn","schema":{"@context":"https:\/\/schema.org","@graph":[{"@type":"WebPage","@id":"https:\/\/www.thescanfoundation.org\/our-priorities\/","url":"https:\/\/www.thescanfoundation.org\/our-priorities\/","name":"Nuestras prioridades - La Fundaci\u00f3n SCAN","isPartOf":{"@id":"https:\/\/www.thescanfoundation.org\/#website"},"datePublished":"2025-07-30T00:15:16+00:00","dateModified":"2025-09-09T13:43:06+00:00","description":"Nuestras Prioridades: Equidad en Salud, Plan Maestro de Envejecimiento, Inversi\u00f3n de Impacto y Seguridad Econ\u00f3mica para los adultos mayores.","breadcrumb":{"@id":"https:\/\/www.thescanfoundation.org\/our-priorities\/#breadcrumb"},"inLanguage":"es-MX","potentialAction":[{"@type":"ReadAction","target":["https:\/\/www.thescanfoundation.org\/our-priorities\/"]}]},{"@type":"BreadcrumbList","@id":"https:\/\/www.thescanfoundation.org\/our-priorities\/#breadcrumb","itemListElement":[{"@type":"ListItem","position":1,"name":"Home","item":"https:\/\/www.thescanfoundation.org\/"},{"@type":"ListItem","position":2,"name":"Our Priorities"}]},{"@type":"WebSite","@id":"https:\/\/www.thescanfoundation.org\/#website","url":"https:\/\/www.thescanfoundation.org\/","name":"La Fundaci\u00f3n SCAN","description":"","publisher":{"@id":"https:\/\/www.thescanfoundation.org\/#organization"},"potentialAction":[{"@type":"SearchAction","target":{"@type":"EntryPoint","urlTemplate":"https:\/\/www.thescanfoundation.org\/?s={search_term_string}"},"query-input":{"@type":"PropertyValueSpecification","valueRequired":true,"valueName":"search_term_string"}}],"inLanguage":"es-MX"},{"@type":"Organization","@id":"https:\/\/www.thescanfoundation.org\/#organization","name":"La Fundaci\u00f3n SCAN","url":"https:\/\/www.thescanfoundation.org\/","logo":{"@type":"ImageObject","inLanguage":"es-MX","@id":"https:\/\/www.thescanfoundation.org\/#\/schema\/logo\/image\/","url":"https:\/\/www.thescanfoundation.org\/wp-content\/uploads\/2025\/09\/tsf-logo.png","contentUrl":"https:\/\/www.thescanfoundation.org\/wp-content\/uploads\/2025\/09\/tsf-logo.png","width":696,"height":696,"caption":"The SCAN Foundation"},"image":{"@id":"https:\/\/www.thescanfoundation.org\/#\/schema\/logo\/image\/"},"sameAs":["https:\/\/x.com\/TheSCANFndtn","https:\/\/www.linkedin.com\/company\/the-scan-foundation"]}]}},"_links":{"self":[{"href":"https:\/\/www.thescanfoundation.org\/es\/wp-json\/wp\/v2\/pages\/22","targetHints":{"allow":["GET"]}}],"collection":[{"href":"https:\/\/www.thescanfoundation.org\/es\/wp-json\/wp\/v2\/pages"}],"about":[{"href":"https:\/\/www.thescanfoundation.org\/es\/wp-json\/wp\/v2\/types\/page"}],"author":[{"embeddable":true,"href":"https:\/\/www.thescanfoundation.org\/es\/wp-json\/wp\/v2\/users\/2"}],"replies":[{"embeddable":true,"href":"https:\/\/www.thescanfoundation.org\/es\/wp-json\/wp\/v2\/comments?post=22"}],"version-history":[{"count":0,"href":"https:\/\/www.thescanfoundation.org\/es\/wp-json\/wp\/v2\/pages\/22\/revisions"}],"wp:attachment":[{"href":"https:\/\/www.thescanfoundation.org\/es\/wp-json\/wp\/v2\/media?parent=22"}],"curies":[{"name":"wp","href":"https:\/\/api.w.org\/{rel}","templated":true}]}}