{"id":26,"date":"2025-07-30T00:16:37","date_gmt":"2025-07-30T00:16:37","guid":{"rendered":"https:\/\/www.thescanfoundation.org\/?page_id=26"},"modified":"2025-08-22T14:35:59","modified_gmt":"2025-08-22T21:35:59","slug":"condiciones-de-uso","status":"publish","type":"page","link":"https:\/\/www.thescanfoundation.org\/es\/terms-of-use\/","title":{"rendered":"Condiciones de uso"},"content":{"rendered":"","protected":false},"excerpt":{"rendered":"","protected":false},"author":2,"featured_media":0,"parent":0,"menu_order":0,"comment_status":"closed","ping_status":"closed","template":"","meta":{"_acf_changed":false,"_relevanssi_hide_post":"","_relevanssi_hide_content":"","_relevanssi_pin_for_all":"","_relevanssi_pin_keywords":"","_relevanssi_unpin_keywords":"","_relevanssi_related_keywords":"","_relevanssi_related_include_ids":"","_relevanssi_related_exclude_ids":"","_relevanssi_related_no_append":"","_relevanssi_related_not_related":"","_relevanssi_related_posts":"","_relevanssi_noindex_reason":""},"class_list":["post-26","page","type-page","status-publish","hentry"],"acf":{"page_layout":[{"acf_fc_layout":"layout_hero_byo","_acfe_flexible_toggle":"","component_hero_byo":{"helper_accent_color":"white","":null,"heading":"","description":"","button":"","image":""}},{"acf_fc_layout":"layout_wysiwyg","_acfe_flexible_toggle":"","component_wysiwyg":{"content":"Su uso del sitio web de la Fundaci\u00f3n SCAN (\u00abFundaci\u00f3n\u00bb) est\u00e1 sujeto a estas Condiciones de Uso. Le recomendamos leerlas atentamente.\r\n<h3>Derechos de autor y marca registrada<\/h3>\r\nSalvo que se indique expresamente lo contrario, todos los materiales de este sitio est\u00e1n protegidos por derechos de autor, marcas comerciales, marcas de servicio y\/u otros derechos de propiedad intelectual de la Fundaci\u00f3n, sus iniciativas, afiliados u otras partes que han permitido a la Fundaci\u00f3n utilizar sus materiales. Todos los derechos no expresamente otorgados quedan reservados. Si desea reproducir, distribuir o utilizar cualquier material de este sitio, o si cree que este sitio (o cualquier material que contenga) infringe sus derechos de autor,\u00a0<span style=\"box-sizing: border-box; margin: 0px; padding: 0px;\">Por favor, p\u00f3ngase en contacto con nosotros\u00a0<a target=\"_blank\" rel=\"noopener\">RSeidel@TheSCANFoundation.org<\/a><\/span>.\r\n<h3>Confianza en la informaci\u00f3n publicada<\/h3>\r\nLa Fundaci\u00f3n no garantiza que las funciones y contenidos incluidos en el sitio estar\u00e1n libres de errores, que este sitio estar\u00e1 libre de virus o que cualquier defecto del sitio ser\u00e1 corregido, incluso si la Fundaci\u00f3n tiene conocimiento de ellos.\r\n<h3>Ley aplicable y jurisdicci\u00f3n<\/h3>\r\nEste acuerdo se considerar\u00e1 formalizado y ejecutado en el estado de California y se regir\u00e1 e interpretar\u00e1 de conformidad con las leyes de los Estados Unidos de Am\u00e9rica y del estado de California (sin tener en cuenta los principios de conflicto de leyes). En caso de controversia relacionada con este sitio web, las condiciones de uso o el incumplimiento de las mismas por cualquiera de las partes, las partes acuerdan someter la controversia a arbitraje ante la Asociaci\u00f3n Americana de Arbitraje (American Arbitration Association), de conformidad con las normas de arbitraje comercial vigentes en ese momento. El arbitraje se llevar\u00e1 a cabo en Los \u00c1ngeles, California.\r\n<h3>Cambios a estos T\u00e9rminos de Uso<\/h3>\r\nLa Fundaci\u00f3n se reserva el derecho de modificar estas Condiciones de Uso ocasionalmente. Cualquier modificaci\u00f3n se publicar\u00e1 inmediatamente en esta p\u00e1gina web. Fecha de entrada en vigor: 2 de octubre de 2019.","":null,"helper_width":"narrow"}}]},"yoast_head":"<!-- This site is optimized with the Yoast SEO plugin v27.4 - https:\/\/yoast.com\/product\/yoast-seo-wordpress\/ -->\n<title>Terms of Use - The SCAN Foundation<\/title>\n<meta name=\"description\" content=\"Read the Terms of Use for The SCAN Foundation website. Understand the legal agreements and conditions governing your access to our digital content.\" \/>\n<meta name=\"robots\" content=\"index, follow, max-snippet:-1, max-image-preview:large, max-video-preview:-1\" \/>\n<link rel=\"canonical\" href=\"https:\/\/www.thescanfoundation.org\/es\/condiciones-de-uso\/\" \/>\n<meta property=\"og:locale\" content=\"es_MX\" \/>\n<meta property=\"og:type\" content=\"article\" \/>\n<meta property=\"og:title\" content=\"Terms of Use - The SCAN Foundation\" \/>\n<meta property=\"og:description\" content=\"Read the Terms of Use for The SCAN Foundation website. Understand the legal agreements and conditions governing your access to our digital content.\" \/>\n<meta property=\"og:url\" content=\"https:\/\/www.thescanfoundation.org\/es\/condiciones-de-uso\/\" \/>\n<meta property=\"og:site_name\" content=\"The SCAN Foundation\" \/>\n<meta property=\"article:modified_time\" content=\"2025-08-22T21:35:59+00:00\" \/>\n<meta property=\"og:image\" content=\"https:\/\/www.thescanfoundation.org\/wp-content\/uploads\/2025\/09\/tsf-logo.png\" \/>\n\t<meta property=\"og:image:width\" content=\"696\" \/>\n\t<meta property=\"og:image:height\" content=\"696\" \/>\n\t<meta property=\"og:image:type\" content=\"image\/png\" \/>\n<meta name=\"twitter:card\" content=\"summary_large_image\" \/>\n<meta name=\"twitter:site\" content=\"@TheSCANFndtn\" \/>\n<script type=\"application\/ld+json\" class=\"yoast-schema-graph\">{\"@context\":\"https:\\\/\\\/schema.org\",\"@graph\":[{\"@type\":\"WebPage\",\"@id\":\"https:\\\/\\\/www.thescanfoundation.org\\\/terms-of-use\\\/\",\"url\":\"https:\\\/\\\/www.thescanfoundation.org\\\/terms-of-use\\\/\",\"name\":\"Terms of Use - The SCAN Foundation\",\"isPartOf\":{\"@id\":\"https:\\\/\\\/www.thescanfoundation.org\\\/#website\"},\"datePublished\":\"2025-07-30T00:16:37+00:00\",\"dateModified\":\"2025-08-22T21:35:59+00:00\",\"description\":\"Read the Terms of Use for The SCAN Foundation website. Understand the legal agreements and conditions governing your access to our digital content.\",\"breadcrumb\":{\"@id\":\"https:\\\/\\\/www.thescanfoundation.org\\\/terms-of-use\\\/#breadcrumb\"},\"inLanguage\":\"es-MX\",\"potentialAction\":[{\"@type\":\"ReadAction\",\"target\":[\"https:\\\/\\\/www.thescanfoundation.org\\\/terms-of-use\\\/\"]}]},{\"@type\":\"BreadcrumbList\",\"@id\":\"https:\\\/\\\/www.thescanfoundation.org\\\/terms-of-use\\\/#breadcrumb\",\"itemListElement\":[{\"@type\":\"ListItem\",\"position\":1,\"name\":\"Home\",\"item\":\"https:\\\/\\\/www.thescanfoundation.org\\\/\"},{\"@type\":\"ListItem\",\"position\":2,\"name\":\"Terms of Use\"}]},{\"@type\":\"WebSite\",\"@id\":\"https:\\\/\\\/www.thescanfoundation.org\\\/#website\",\"url\":\"https:\\\/\\\/www.thescanfoundation.org\\\/\",\"name\":\"The SCAN Foundation\",\"description\":\"\",\"publisher\":{\"@id\":\"https:\\\/\\\/www.thescanfoundation.org\\\/#organization\"},\"potentialAction\":[{\"@type\":\"SearchAction\",\"target\":{\"@type\":\"EntryPoint\",\"urlTemplate\":\"https:\\\/\\\/www.thescanfoundation.org\\\/?s={search_term_string}\"},\"query-input\":{\"@type\":\"PropertyValueSpecification\",\"valueRequired\":true,\"valueName\":\"search_term_string\"}}],\"inLanguage\":\"es-MX\"},{\"@type\":\"Organization\",\"@id\":\"https:\\\/\\\/www.thescanfoundation.org\\\/#organization\",\"name\":\"The SCAN Foundation\",\"url\":\"https:\\\/\\\/www.thescanfoundation.org\\\/\",\"logo\":{\"@type\":\"ImageObject\",\"inLanguage\":\"es-MX\",\"@id\":\"https:\\\/\\\/www.thescanfoundation.org\\\/#\\\/schema\\\/logo\\\/image\\\/\",\"url\":\"https:\\\/\\\/www.thescanfoundation.org\\\/wp-content\\\/uploads\\\/2025\\\/09\\\/tsf-logo.png\",\"contentUrl\":\"https:\\\/\\\/www.thescanfoundation.org\\\/wp-content\\\/uploads\\\/2025\\\/09\\\/tsf-logo.png\",\"width\":696,\"height\":696,\"caption\":\"The SCAN Foundation\"},\"image\":{\"@id\":\"https:\\\/\\\/www.thescanfoundation.org\\\/#\\\/schema\\\/logo\\\/image\\\/\"},\"sameAs\":[\"https:\\\/\\\/x.com\\\/TheSCANFndtn\",\"https:\\\/\\\/www.linkedin.com\\\/company\\\/the-scan-foundation\"]}]}<\/script>\n<!-- \/ Yoast SEO plugin. -->","yoast_head_json":{"title":"Condiciones de uso - Fundaci\u00f3n SCAN","description":"Condiciones de Uso. Lea los t\u00e9rminos legales y acuerdos que rigen el acceso y uso del sitio web y los recursos digitales de la Fundaci\u00f3n SCAN.","robots":{"index":"index","follow":"follow","max-snippet":"max-snippet:-1","max-image-preview":"max-image-preview:large","max-video-preview":"max-video-preview:-1"},"canonical":"https:\/\/www.thescanfoundation.org\/es\/condiciones-de-uso\/","og_locale":"es_MX","og_type":"article","og_title":"Terms of Use - The SCAN Foundation","og_description":"Read the Terms of Use for The SCAN Foundation website. Understand the legal agreements and conditions governing your access to our digital content.","og_url":"https:\/\/www.thescanfoundation.org\/es\/condiciones-de-uso\/","og_site_name":"The SCAN Foundation","article_modified_time":"2025-08-22T21:35:59+00:00","og_image":[{"width":696,"height":696,"url":"https:\/\/www.thescanfoundation.org\/wp-content\/uploads\/2025\/09\/tsf-logo.png","type":"image\/png"}],"twitter_card":"summary_large_image","twitter_site":"@TheSCANFndtn","schema":{"@context":"https:\/\/schema.org","@graph":[{"@type":"WebPage","@id":"https:\/\/www.thescanfoundation.org\/terms-of-use\/","url":"https:\/\/www.thescanfoundation.org\/terms-of-use\/","name":"Condiciones de uso - Fundaci\u00f3n SCAN","isPartOf":{"@id":"https:\/\/www.thescanfoundation.org\/#website"},"datePublished":"2025-07-30T00:16:37+00:00","dateModified":"2025-08-22T21:35:59+00:00","description":"Condiciones de Uso. Lea los t\u00e9rminos legales y acuerdos que rigen el acceso y uso del sitio web y los recursos digitales de la Fundaci\u00f3n SCAN.","breadcrumb":{"@id":"https:\/\/www.thescanfoundation.org\/terms-of-use\/#breadcrumb"},"inLanguage":"es-MX","potentialAction":[{"@type":"ReadAction","target":["https:\/\/www.thescanfoundation.org\/terms-of-use\/"]}]},{"@type":"BreadcrumbList","@id":"https:\/\/www.thescanfoundation.org\/terms-of-use\/#breadcrumb","itemListElement":[{"@type":"ListItem","position":1,"name":"Home","item":"https:\/\/www.thescanfoundation.org\/"},{"@type":"ListItem","position":2,"name":"Terms of Use"}]},{"@type":"WebSite","@id":"https:\/\/www.thescanfoundation.org\/#website","url":"https:\/\/www.thescanfoundation.org\/","name":"La Fundaci\u00f3n SCAN","description":"","publisher":{"@id":"https:\/\/www.thescanfoundation.org\/#organization"},"potentialAction":[{"@type":"SearchAction","target":{"@type":"EntryPoint","urlTemplate":"https:\/\/www.thescanfoundation.org\/?s={search_term_string}"},"query-input":{"@type":"PropertyValueSpecification","valueRequired":true,"valueName":"search_term_string"}}],"inLanguage":"es-MX"},{"@type":"Organization","@id":"https:\/\/www.thescanfoundation.org\/#organization","name":"La Fundaci\u00f3n SCAN","url":"https:\/\/www.thescanfoundation.org\/","logo":{"@type":"ImageObject","inLanguage":"es-MX","@id":"https:\/\/www.thescanfoundation.org\/#\/schema\/logo\/image\/","url":"https:\/\/www.thescanfoundation.org\/wp-content\/uploads\/2025\/09\/tsf-logo.png","contentUrl":"https:\/\/www.thescanfoundation.org\/wp-content\/uploads\/2025\/09\/tsf-logo.png","width":696,"height":696,"caption":"The SCAN Foundation"},"image":{"@id":"https:\/\/www.thescanfoundation.org\/#\/schema\/logo\/image\/"},"sameAs":["https:\/\/x.com\/TheSCANFndtn","https:\/\/www.linkedin.com\/company\/the-scan-foundation"]}]}},"_links":{"self":[{"href":"https:\/\/www.thescanfoundation.org\/es\/wp-json\/wp\/v2\/pages\/26","targetHints":{"allow":["GET"]}}],"collection":[{"href":"https:\/\/www.thescanfoundation.org\/es\/wp-json\/wp\/v2\/pages"}],"about":[{"href":"https:\/\/www.thescanfoundation.org\/es\/wp-json\/wp\/v2\/types\/page"}],"author":[{"embeddable":true,"href":"https:\/\/www.thescanfoundation.org\/es\/wp-json\/wp\/v2\/users\/2"}],"replies":[{"embeddable":true,"href":"https:\/\/www.thescanfoundation.org\/es\/wp-json\/wp\/v2\/comments?post=26"}],"version-history":[{"count":0,"href":"https:\/\/www.thescanfoundation.org\/es\/wp-json\/wp\/v2\/pages\/26\/revisions"}],"wp:attachment":[{"href":"https:\/\/www.thescanfoundation.org\/es\/wp-json\/wp\/v2\/media?parent=26"}],"curies":[{"name":"wp","href":"https:\/\/api.w.org\/{rel}","templated":true}]}}