{"id":2984,"date":"2025-08-14T22:27:39","date_gmt":"2025-08-14T22:27:39","guid":{"rendered":"https:\/\/www.thescanfoundation.org\/?page_id=2984"},"modified":"2025-08-14T22:28:19","modified_gmt":"2025-08-14T22:28:19","slug":"mantente-conectado","status":"publish","type":"page","link":"https:\/\/www.thescanfoundation.org\/es\/stay-connected\/","title":{"rendered":"Mantente conectado"},"content":{"rendered":"","protected":false},"excerpt":{"rendered":"","protected":false},"author":2,"featured_media":0,"parent":0,"menu_order":0,"comment_status":"closed","ping_status":"closed","template":"","meta":{"_acf_changed":false,"_relevanssi_hide_post":"","_relevanssi_hide_content":"","_relevanssi_pin_for_all":"","_relevanssi_pin_keywords":"","_relevanssi_unpin_keywords":"","_relevanssi_related_keywords":"","_relevanssi_related_include_ids":"","_relevanssi_related_exclude_ids":"","_relevanssi_related_no_append":"","_relevanssi_related_not_related":"","_relevanssi_related_posts":"","_relevanssi_noindex_reason":""},"class_list":["post-2984","page","type-page","status-publish","hentry"],"acf":{"page_layout":[{"acf_fc_layout":"layout_hero_byo","_acfe_flexible_toggle":"","component_hero_byo":{"helper_accent_color":"yellow","":null,"heading":"","description":"","button":"","image":""}},{"acf_fc_layout":"layout_form","_acfe_flexible_toggle":"","component_form":{"title":"","abstract":"","":null,"form_type":"gravity","embed_code":"","gravity_form":"5"}}]},"yoast_head":"<!-- This site is optimized with the Yoast SEO plugin v27.0 - https:\/\/yoast.com\/product\/yoast-seo-wordpress\/ -->\n<title>Stay Connected - The SCAN Foundation<\/title>\n<meta name=\"description\" content=\"Stay informed on aging policy. Subscribe to The SCAN Foundation\u2019s newsletter, Aging Forward, for the latest resources, event news, and insights.\" \/>\n<meta name=\"robots\" content=\"index, follow, max-snippet:-1, max-image-preview:large, max-video-preview:-1\" \/>\n<link rel=\"canonical\" href=\"https:\/\/www.thescanfoundation.org\/es\/mantente-conectado\/\" \/>\n<meta property=\"og:locale\" content=\"es_MX\" \/>\n<meta property=\"og:type\" content=\"article\" \/>\n<meta property=\"og:title\" content=\"Stay Connected - The SCAN Foundation\" \/>\n<meta property=\"og:description\" content=\"Stay informed on aging policy. Subscribe to The SCAN Foundation\u2019s newsletter, Aging Forward, for the latest resources, event news, and insights.\" \/>\n<meta property=\"og:url\" content=\"https:\/\/www.thescanfoundation.org\/es\/mantente-conectado\/\" \/>\n<meta property=\"og:site_name\" content=\"The SCAN Foundation\" \/>\n<meta property=\"article:modified_time\" content=\"2025-08-14T22:28:19+00:00\" \/>\n<meta property=\"og:image\" content=\"https:\/\/www.thescanfoundation.org\/wp-content\/uploads\/2025\/09\/tsf-logo.png\" \/>\n\t<meta property=\"og:image:width\" content=\"696\" \/>\n\t<meta property=\"og:image:height\" content=\"696\" \/>\n\t<meta property=\"og:image:type\" content=\"image\/png\" \/>\n<meta name=\"twitter:card\" content=\"summary_large_image\" \/>\n<meta name=\"twitter:site\" content=\"@TheSCANFndtn\" \/>\n<script type=\"application\/ld+json\" class=\"yoast-schema-graph\">{\"@context\":\"https:\/\/schema.org\",\"@graph\":[{\"@type\":\"WebPage\",\"@id\":\"https:\/\/www.thescanfoundation.org\/stay-connected\/\",\"url\":\"https:\/\/www.thescanfoundation.org\/stay-connected\/\",\"name\":\"Stay Connected - The SCAN Foundation\",\"isPartOf\":{\"@id\":\"https:\/\/www.thescanfoundation.org\/#website\"},\"datePublished\":\"2025-08-14T22:27:39+00:00\",\"dateModified\":\"2025-08-14T22:28:19+00:00\",\"description\":\"Stay informed on aging policy. Subscribe to The SCAN Foundation\u2019s newsletter, Aging Forward, for the latest resources, event news, and insights.\",\"breadcrumb\":{\"@id\":\"https:\/\/www.thescanfoundation.org\/stay-connected\/#breadcrumb\"},\"inLanguage\":\"es-MX\",\"potentialAction\":[{\"@type\":\"ReadAction\",\"target\":[\"https:\/\/www.thescanfoundation.org\/stay-connected\/\"]}]},{\"@type\":\"BreadcrumbList\",\"@id\":\"https:\/\/www.thescanfoundation.org\/stay-connected\/#breadcrumb\",\"itemListElement\":[{\"@type\":\"ListItem\",\"position\":1,\"name\":\"Home\",\"item\":\"https:\/\/www.thescanfoundation.org\/\"},{\"@type\":\"ListItem\",\"position\":2,\"name\":\"Stay Connected\"}]},{\"@type\":\"WebSite\",\"@id\":\"https:\/\/www.thescanfoundation.org\/#website\",\"url\":\"https:\/\/www.thescanfoundation.org\/\",\"name\":\"The SCAN Foundation\",\"description\":\"\",\"publisher\":{\"@id\":\"https:\/\/www.thescanfoundation.org\/#organization\"},\"potentialAction\":[{\"@type\":\"SearchAction\",\"target\":{\"@type\":\"EntryPoint\",\"urlTemplate\":\"https:\/\/www.thescanfoundation.org\/?s={search_term_string}\"},\"query-input\":{\"@type\":\"PropertyValueSpecification\",\"valueRequired\":true,\"valueName\":\"search_term_string\"}}],\"inLanguage\":\"es-MX\"},{\"@type\":\"Organization\",\"@id\":\"https:\/\/www.thescanfoundation.org\/#organization\",\"name\":\"The SCAN Foundation\",\"url\":\"https:\/\/www.thescanfoundation.org\/\",\"logo\":{\"@type\":\"ImageObject\",\"inLanguage\":\"es-MX\",\"@id\":\"https:\/\/www.thescanfoundation.org\/#\/schema\/logo\/image\/\",\"url\":\"https:\/\/www.thescanfoundation.org\/wp-content\/uploads\/2025\/09\/tsf-logo.png\",\"contentUrl\":\"https:\/\/www.thescanfoundation.org\/wp-content\/uploads\/2025\/09\/tsf-logo.png\",\"width\":696,\"height\":696,\"caption\":\"The SCAN Foundation\"},\"image\":{\"@id\":\"https:\/\/www.thescanfoundation.org\/#\/schema\/logo\/image\/\"},\"sameAs\":[\"https:\/\/x.com\/TheSCANFndtn\",\"https:\/\/www.linkedin.com\/company\/the-scan-foundation\"]}]}<\/script>\n<!-- \/ Yoast SEO plugin. -->","yoast_head_json":{"title":"Mant\u00e9ngase conectado - La Fundaci\u00f3n SCAN","description":"Mantente conectado. Suscr\u00edbase al bolet\u00edn de la Fundaci\u00f3n SCAN para recibir noticias, informes y actualizaciones sobre equidad en salud y envejecimiento.","robots":{"index":"index","follow":"follow","max-snippet":"max-snippet:-1","max-image-preview":"max-image-preview:large","max-video-preview":"max-video-preview:-1"},"canonical":"https:\/\/www.thescanfoundation.org\/es\/mantente-conectado\/","og_locale":"es_MX","og_type":"article","og_title":"Stay Connected - The SCAN Foundation","og_description":"Stay informed on aging policy. Subscribe to The SCAN Foundation\u2019s newsletter, Aging Forward, for the latest resources, event news, and insights.","og_url":"https:\/\/www.thescanfoundation.org\/es\/mantente-conectado\/","og_site_name":"The SCAN Foundation","article_modified_time":"2025-08-14T22:28:19+00:00","og_image":[{"width":696,"height":696,"url":"https:\/\/www.thescanfoundation.org\/wp-content\/uploads\/2025\/09\/tsf-logo.png","type":"image\/png"}],"twitter_card":"summary_large_image","twitter_site":"@TheSCANFndtn","schema":{"@context":"https:\/\/schema.org","@graph":[{"@type":"WebPage","@id":"https:\/\/www.thescanfoundation.org\/stay-connected\/","url":"https:\/\/www.thescanfoundation.org\/stay-connected\/","name":"Mant\u00e9ngase conectado - La Fundaci\u00f3n SCAN","isPartOf":{"@id":"https:\/\/www.thescanfoundation.org\/#website"},"datePublished":"2025-08-14T22:27:39+00:00","dateModified":"2025-08-14T22:28:19+00:00","description":"Mantente conectado. Suscr\u00edbase al bolet\u00edn de la Fundaci\u00f3n SCAN para recibir noticias, informes y actualizaciones sobre equidad en salud y envejecimiento.","breadcrumb":{"@id":"https:\/\/www.thescanfoundation.org\/stay-connected\/#breadcrumb"},"inLanguage":"es-MX","potentialAction":[{"@type":"ReadAction","target":["https:\/\/www.thescanfoundation.org\/stay-connected\/"]}]},{"@type":"BreadcrumbList","@id":"https:\/\/www.thescanfoundation.org\/stay-connected\/#breadcrumb","itemListElement":[{"@type":"ListItem","position":1,"name":"Home","item":"https:\/\/www.thescanfoundation.org\/"},{"@type":"ListItem","position":2,"name":"Stay Connected"}]},{"@type":"WebSite","@id":"https:\/\/www.thescanfoundation.org\/#website","url":"https:\/\/www.thescanfoundation.org\/","name":"La Fundaci\u00f3n SCAN","description":"","publisher":{"@id":"https:\/\/www.thescanfoundation.org\/#organization"},"potentialAction":[{"@type":"SearchAction","target":{"@type":"EntryPoint","urlTemplate":"https:\/\/www.thescanfoundation.org\/?s={search_term_string}"},"query-input":{"@type":"PropertyValueSpecification","valueRequired":true,"valueName":"search_term_string"}}],"inLanguage":"es-MX"},{"@type":"Organization","@id":"https:\/\/www.thescanfoundation.org\/#organization","name":"La Fundaci\u00f3n SCAN","url":"https:\/\/www.thescanfoundation.org\/","logo":{"@type":"ImageObject","inLanguage":"es-MX","@id":"https:\/\/www.thescanfoundation.org\/#\/schema\/logo\/image\/","url":"https:\/\/www.thescanfoundation.org\/wp-content\/uploads\/2025\/09\/tsf-logo.png","contentUrl":"https:\/\/www.thescanfoundation.org\/wp-content\/uploads\/2025\/09\/tsf-logo.png","width":696,"height":696,"caption":"The SCAN Foundation"},"image":{"@id":"https:\/\/www.thescanfoundation.org\/#\/schema\/logo\/image\/"},"sameAs":["https:\/\/x.com\/TheSCANFndtn","https:\/\/www.linkedin.com\/company\/the-scan-foundation"]}]}},"_links":{"self":[{"href":"https:\/\/www.thescanfoundation.org\/es\/wp-json\/wp\/v2\/pages\/2984","targetHints":{"allow":["GET"]}}],"collection":[{"href":"https:\/\/www.thescanfoundation.org\/es\/wp-json\/wp\/v2\/pages"}],"about":[{"href":"https:\/\/www.thescanfoundation.org\/es\/wp-json\/wp\/v2\/types\/page"}],"author":[{"embeddable":true,"href":"https:\/\/www.thescanfoundation.org\/es\/wp-json\/wp\/v2\/users\/2"}],"replies":[{"embeddable":true,"href":"https:\/\/www.thescanfoundation.org\/es\/wp-json\/wp\/v2\/comments?post=2984"}],"version-history":[{"count":0,"href":"https:\/\/www.thescanfoundation.org\/es\/wp-json\/wp\/v2\/pages\/2984\/revisions"}],"wp:attachment":[{"href":"https:\/\/www.thescanfoundation.org\/es\/wp-json\/wp\/v2\/media?parent=2984"}],"curies":[{"name":"wp","href":"https:\/\/api.w.org\/{rel}","templated":true}]}}