{"id":3396,"date":"2025-08-22T09:19:03","date_gmt":"2025-08-22T16:19:03","guid":{"rendered":"https:\/\/www.thescanfoundation.org\/?page_id=3396"},"modified":"2025-12-18T07:46:23","modified_gmt":"2025-12-18T15:46:23","slug":"inversion-de-impacto","status":"publish","type":"page","link":"https:\/\/www.thescanfoundation.org\/es\/impact-investing\/","title":{"rendered":"Inversi\u00f3n de impacto"},"content":{"rendered":"","protected":false},"excerpt":{"rendered":"","protected":false},"author":9,"featured_media":0,"parent":0,"menu_order":0,"comment_status":"closed","ping_status":"closed","template":"","meta":{"_acf_changed":false,"_relevanssi_hide_post":"","_relevanssi_hide_content":"","_relevanssi_pin_for_all":"","_relevanssi_pin_keywords":"","_relevanssi_unpin_keywords":"","_relevanssi_related_keywords":"","_relevanssi_related_include_ids":"","_relevanssi_related_exclude_ids":"","_relevanssi_related_no_append":"","_relevanssi_related_not_related":"","_relevanssi_related_posts":"","_relevanssi_noindex_reason":""},"class_list":["post-3396","page","type-page","status-publish","hentry"],"acf":{"page_layout":[{"acf_fc_layout":"layout_hero_byo","_acfe_flexible_toggle":null,"component_hero_byo":{"helper_accent_color":"green","":null,"heading":"","description":"<span class=\"TextRun SCXW29629702 BCX8\" lang=\"EN-US\" xml:lang=\"EN-US\" data-contrast=\"auto\"><span class=\"TextRun SCXW74129255 BCX8\" lang=\"EN-US\" xml:lang=\"EN-US\" data-contrast=\"auto\"><span class=\"NormalTextRun SCXW74129255 BCX8\">La Fundaci\u00f3n SCAN<\/span><span class=\"NormalTextRun SCXW74129255 BCX8\">La pr\u00e1ctica de inversi\u00f3n de impacto de<\/span><span class=\"NormalTextRun SCXW74129255 BCX8\"> pareja<\/span><span class=\"NormalTextRun SCXW74129255 BCX8\">s<\/span><span class=\"NormalTextRun SCXW74129255 BCX8\"> con inversores, emprendedores y empresas para escalar soluciones que ayuden a todos los adultos mayores, especialmente a aquellos <\/span><span class=\"NormalTextRun SCXW74129255 BCX8\">de <\/span><span class=\"NormalTextRun SCXW74129255 BCX8\">hist\u00f3ricamente <\/span><span class=\"NormalTextRun SCXW74129255 BCX8\">marginados <\/span><span class=\"NormalTextRun SCXW74129255 BCX8\">comunidades.<\/span><\/span><span class=\"EOP SCXW74129255 BCX8\" data-ccp-props=\"{&quot;201341983&quot;:0,&quot;335559739&quot;:120,&quot;335559740&quot;:240}\">\u00a0<\/span>\r\n<\/span>","button":"","image":2545}},{"acf_fc_layout":"layout_wysiwyg","_acfe_flexible_toggle":null,"component_wysiwyg":{"content":"<h2>Why Invest<\/h2>\r\n<h4><span class=\"TextRun SCXW221093306 BCX8\" lang=\"EN-US\" xml:lang=\"EN-US\" data-contrast=\"auto\"><span class=\"NormalTextRun SCXW221093306 BCX8\"><strong>Growing Market, Overlooked Opportunity<\/strong><\/span><\/span><\/h4>\r\n<span class=\"TextRun SCXW221093306 BCX8\" lang=\"EN-US\" xml:lang=\"EN-US\" data-contrast=\"auto\"><span class=\"NormalTextRun SCXW221093306 BCX8\">Older adults are the fastest-growing population in the U.S.<\/span><span class=\"NormalTextRun SCXW221093306 BCX8\">, <\/span><span class=\"NormalTextRun SCXW221093306 BCX8\">but their needs are often overlooked by markets and investors. <\/span><span class=\"NormalTextRun SCXW221093306 BCX8\">We\u2019re<\/span><span class=\"NormalTextRun SCXW221093306 BCX8\"> trying to change that.\u00a0<\/span><\/span>\r\n\r\n<span data-contrast=\"auto\">We bring an aging lens approach to impact investing, providing flexible capital for innovations that help older adults access the housing, healthcare, services, and supports they need to age with choice and dignity.<\/span><span data-ccp-props=\"{&quot;201341983&quot;:0,&quot;335559739&quot;:120,&quot;335559740&quot;:240}\">\u00a0<\/span>\r\n\r\n[tm_button url=\"https:\/\/www.thescanfoundation.org\/impact-investments\/\" label=\"Explore Our Portfolio\" target=\"false\"]\r\n<h2>Our Approach<\/h2>\r\n<span data-contrast=\"auto\"><strong>Our Focus: <\/strong>We help older adults afford care, improve care quality and access, and enable healthy aging in home and community settings.<\/span>\r\n\r\n<b>Flexible Capital:<\/b> We invest in both funds and direct opportunities across a range of private asset classes, including equity, debt, and real estate, to ensure our capital is fit-for-purpose.\r\n\r\n<b>Underrepresented Older Adults:<\/b> We prioritize investments that reach older adults with lower incomes, older adults of color, those in rural communities, and others left out of public systems and private markets.\r\n\r\n<b>Integrated Approach to Generating Market Insights:<\/b> Our investments work alongside The SCAN Foundation\u2019s policy and grantmaking to drive scalable, system-level change that tackles root causes, not symptoms.\r\n\r\n<b>Preference for Co-Investing:<\/b> We actively seek partners to scale impact and unlock additional capital.\r\n\r\n<img class=\"wp-image-2591 size-large\" src=\"https:\/\/www.thescanfoundation.org\/wp-content\/uploads\/2025\/08\/iStock-1360170996-1024x702.jpg\" alt=\"\" width=\"1024\" height=\"702\" \/>","":null,"helper_width":"narrow"}},{"acf_fc_layout":"layout_accordion","_acfe_flexible_toggle":null,"component_accordion":{"heading":"Who We Work With","items":[{"title":"Impact Investors","open":false,"html":"<span style=\"font-weight: 400;\">We partner with co-investors, including impact funds, philanthropies, and public sector partners who seek scalable, aging-focused opportunities that deliver both impact and returns.<\/span>"},{"title":"Solution Providers","open":false,"html":"<span style=\"font-weight: 400;\">Entrepreneurs and nonprofits collaborate with us to scale products, services, or infrastructure that help older adults age well.<\/span>"},{"title":"Thought Partners","open":false,"html":"<span style=\"font-weight: 400;\">Experts from generalist- and impact-focused publications, as well as impact measurement and management (IMM) professionals, work with us to advance solutions.<\/span>"}]}},{"acf_fc_layout":"layout_wysiwyg","_acfe_flexible_toggle":null,"component_wysiwyg":{"content":"[tm_button url=\"https:\/\/www.thescanfoundation.org\/impact-investing-contact\/\" label=\"Partner With Us\" target=\"false\"]","":null,"helper_width":"narrow"}}]},"yoast_head":"<!-- This site is optimized with the Yoast SEO plugin v27.0 - https:\/\/yoast.com\/product\/yoast-seo-wordpress\/ -->\n<title>Impact Investing - The SCAN Foundation<\/title>\n<meta name=\"description\" content=\"Discover how TSF Impact Investing drives change in aging. We fund companies developing solutions to improve the lives of older adults and their families.\" \/>\n<meta name=\"robots\" content=\"index, follow, max-snippet:-1, max-image-preview:large, max-video-preview:-1\" \/>\n<link rel=\"canonical\" href=\"https:\/\/www.thescanfoundation.org\/es\/inversion-de-impacto\/\" \/>\n<meta property=\"og:locale\" content=\"es_MX\" \/>\n<meta property=\"og:type\" content=\"article\" \/>\n<meta property=\"og:title\" content=\"Impact Investing - The SCAN Foundation\" \/>\n<meta property=\"og:description\" content=\"Discover how TSF Impact Investing drives change in aging. We fund companies developing solutions to improve the lives of older adults and their families.\" \/>\n<meta property=\"og:url\" content=\"https:\/\/www.thescanfoundation.org\/es\/inversion-de-impacto\/\" \/>\n<meta property=\"og:site_name\" content=\"The SCAN Foundation\" \/>\n<meta property=\"article:modified_time\" content=\"2025-12-18T15:46:23+00:00\" \/>\n<meta property=\"og:image\" content=\"https:\/\/www.thescanfoundation.org\/wp-content\/uploads\/2025\/09\/tsf-logo.png\" \/>\n\t<meta property=\"og:image:width\" content=\"696\" \/>\n\t<meta property=\"og:image:height\" content=\"696\" \/>\n\t<meta property=\"og:image:type\" content=\"image\/png\" \/>\n<meta name=\"twitter:card\" content=\"summary_large_image\" \/>\n<meta name=\"twitter:site\" content=\"@TheSCANFndtn\" \/>\n<script type=\"application\/ld+json\" class=\"yoast-schema-graph\">{\"@context\":\"https:\/\/schema.org\",\"@graph\":[{\"@type\":\"WebPage\",\"@id\":\"https:\/\/www.thescanfoundation.org\/impact-investing\/\",\"url\":\"https:\/\/www.thescanfoundation.org\/impact-investing\/\",\"name\":\"Impact Investing - The SCAN Foundation\",\"isPartOf\":{\"@id\":\"https:\/\/www.thescanfoundation.org\/#website\"},\"datePublished\":\"2025-08-22T16:19:03+00:00\",\"dateModified\":\"2025-12-18T15:46:23+00:00\",\"description\":\"Discover how TSF Impact Investing drives change in aging. We fund companies developing solutions to improve the lives of older adults and their families.\",\"breadcrumb\":{\"@id\":\"https:\/\/www.thescanfoundation.org\/impact-investing\/#breadcrumb\"},\"inLanguage\":\"es-MX\",\"potentialAction\":[{\"@type\":\"ReadAction\",\"target\":[\"https:\/\/www.thescanfoundation.org\/impact-investing\/\"]}]},{\"@type\":\"BreadcrumbList\",\"@id\":\"https:\/\/www.thescanfoundation.org\/impact-investing\/#breadcrumb\",\"itemListElement\":[{\"@type\":\"ListItem\",\"position\":1,\"name\":\"Home\",\"item\":\"https:\/\/www.thescanfoundation.org\/\"},{\"@type\":\"ListItem\",\"position\":2,\"name\":\"Impact Investing\"}]},{\"@type\":\"WebSite\",\"@id\":\"https:\/\/www.thescanfoundation.org\/#website\",\"url\":\"https:\/\/www.thescanfoundation.org\/\",\"name\":\"The SCAN Foundation\",\"description\":\"\",\"publisher\":{\"@id\":\"https:\/\/www.thescanfoundation.org\/#organization\"},\"potentialAction\":[{\"@type\":\"SearchAction\",\"target\":{\"@type\":\"EntryPoint\",\"urlTemplate\":\"https:\/\/www.thescanfoundation.org\/?s={search_term_string}\"},\"query-input\":{\"@type\":\"PropertyValueSpecification\",\"valueRequired\":true,\"valueName\":\"search_term_string\"}}],\"inLanguage\":\"es-MX\"},{\"@type\":\"Organization\",\"@id\":\"https:\/\/www.thescanfoundation.org\/#organization\",\"name\":\"The SCAN Foundation\",\"url\":\"https:\/\/www.thescanfoundation.org\/\",\"logo\":{\"@type\":\"ImageObject\",\"inLanguage\":\"es-MX\",\"@id\":\"https:\/\/www.thescanfoundation.org\/#\/schema\/logo\/image\/\",\"url\":\"https:\/\/www.thescanfoundation.org\/wp-content\/uploads\/2025\/09\/tsf-logo.png\",\"contentUrl\":\"https:\/\/www.thescanfoundation.org\/wp-content\/uploads\/2025\/09\/tsf-logo.png\",\"width\":696,\"height\":696,\"caption\":\"The SCAN Foundation\"},\"image\":{\"@id\":\"https:\/\/www.thescanfoundation.org\/#\/schema\/logo\/image\/\"},\"sameAs\":[\"https:\/\/x.com\/TheSCANFndtn\",\"https:\/\/www.linkedin.com\/company\/the-scan-foundation\"]}]}<\/script>\n<!-- \/ Yoast SEO plugin. -->","yoast_head_json":{"title":"Inversi\u00f3n de impacto - La Fundaci\u00f3n SCAN","description":"Inversi\u00f3n de Impacto en TSF. Financiamos soluciones innovadoras y empresas que mejoran la calidad de vida y la salud de los adultos mayores.","robots":{"index":"index","follow":"follow","max-snippet":"max-snippet:-1","max-image-preview":"max-image-preview:large","max-video-preview":"max-video-preview:-1"},"canonical":"https:\/\/www.thescanfoundation.org\/es\/inversion-de-impacto\/","og_locale":"es_MX","og_type":"article","og_title":"Impact Investing - The SCAN Foundation","og_description":"Discover how TSF Impact Investing drives change in aging. We fund companies developing solutions to improve the lives of older adults and their families.","og_url":"https:\/\/www.thescanfoundation.org\/es\/inversion-de-impacto\/","og_site_name":"The SCAN Foundation","article_modified_time":"2025-12-18T15:46:23+00:00","og_image":[{"width":696,"height":696,"url":"https:\/\/www.thescanfoundation.org\/wp-content\/uploads\/2025\/09\/tsf-logo.png","type":"image\/png"}],"twitter_card":"summary_large_image","twitter_site":"@TheSCANFndtn","schema":{"@context":"https:\/\/schema.org","@graph":[{"@type":"WebPage","@id":"https:\/\/www.thescanfoundation.org\/impact-investing\/","url":"https:\/\/www.thescanfoundation.org\/impact-investing\/","name":"Inversi\u00f3n de impacto - La Fundaci\u00f3n SCAN","isPartOf":{"@id":"https:\/\/www.thescanfoundation.org\/#website"},"datePublished":"2025-08-22T16:19:03+00:00","dateModified":"2025-12-18T15:46:23+00:00","description":"Inversi\u00f3n de Impacto en TSF. Financiamos soluciones innovadoras y empresas que mejoran la calidad de vida y la salud de los adultos mayores.","breadcrumb":{"@id":"https:\/\/www.thescanfoundation.org\/impact-investing\/#breadcrumb"},"inLanguage":"es-MX","potentialAction":[{"@type":"ReadAction","target":["https:\/\/www.thescanfoundation.org\/impact-investing\/"]}]},{"@type":"BreadcrumbList","@id":"https:\/\/www.thescanfoundation.org\/impact-investing\/#breadcrumb","itemListElement":[{"@type":"ListItem","position":1,"name":"Home","item":"https:\/\/www.thescanfoundation.org\/"},{"@type":"ListItem","position":2,"name":"Impact Investing"}]},{"@type":"WebSite","@id":"https:\/\/www.thescanfoundation.org\/#website","url":"https:\/\/www.thescanfoundation.org\/","name":"La Fundaci\u00f3n SCAN","description":"","publisher":{"@id":"https:\/\/www.thescanfoundation.org\/#organization"},"potentialAction":[{"@type":"SearchAction","target":{"@type":"EntryPoint","urlTemplate":"https:\/\/www.thescanfoundation.org\/?s={search_term_string}"},"query-input":{"@type":"PropertyValueSpecification","valueRequired":true,"valueName":"search_term_string"}}],"inLanguage":"es-MX"},{"@type":"Organization","@id":"https:\/\/www.thescanfoundation.org\/#organization","name":"La Fundaci\u00f3n SCAN","url":"https:\/\/www.thescanfoundation.org\/","logo":{"@type":"ImageObject","inLanguage":"es-MX","@id":"https:\/\/www.thescanfoundation.org\/#\/schema\/logo\/image\/","url":"https:\/\/www.thescanfoundation.org\/wp-content\/uploads\/2025\/09\/tsf-logo.png","contentUrl":"https:\/\/www.thescanfoundation.org\/wp-content\/uploads\/2025\/09\/tsf-logo.png","width":696,"height":696,"caption":"The SCAN Foundation"},"image":{"@id":"https:\/\/www.thescanfoundation.org\/#\/schema\/logo\/image\/"},"sameAs":["https:\/\/x.com\/TheSCANFndtn","https:\/\/www.linkedin.com\/company\/the-scan-foundation"]}]}},"_links":{"self":[{"href":"https:\/\/www.thescanfoundation.org\/es\/wp-json\/wp\/v2\/pages\/3396","targetHints":{"allow":["GET"]}}],"collection":[{"href":"https:\/\/www.thescanfoundation.org\/es\/wp-json\/wp\/v2\/pages"}],"about":[{"href":"https:\/\/www.thescanfoundation.org\/es\/wp-json\/wp\/v2\/types\/page"}],"author":[{"embeddable":true,"href":"https:\/\/www.thescanfoundation.org\/es\/wp-json\/wp\/v2\/users\/9"}],"replies":[{"embeddable":true,"href":"https:\/\/www.thescanfoundation.org\/es\/wp-json\/wp\/v2\/comments?post=3396"}],"version-history":[{"count":0,"href":"https:\/\/www.thescanfoundation.org\/es\/wp-json\/wp\/v2\/pages\/3396\/revisions"}],"wp:attachment":[{"href":"https:\/\/www.thescanfoundation.org\/es\/wp-json\/wp\/v2\/media?parent=3396"}],"curies":[{"name":"wp","href":"https:\/\/api.w.org\/{rel}","templated":true}]}}